{"id":5374,"date":"2017-06-23T23:05:48","date_gmt":"2017-06-23T20:05:48","guid":{"rendered":"https:\/\/arkuminvest.ro\/properties-search\/"},"modified":"2023-01-27T16:28:29","modified_gmt":"2023-01-27T13:28:29","slug":"cautare-proprietati","status":"publish","type":"page","link":"https:\/\/arkuminvest.ro\/ro\/cautare-proprietati\/","title":{"rendered":"Caracteristici \u0219i detalii"},"content":{"rendered":"","protected":false},"excerpt":{"rendered":"","protected":false},"author":2,"featured_media":6140,"parent":0,"menu_order":0,"comment_status":"open","ping_status":"closed","template":"templates\/properties-search.php","meta":{"inline_featured_image":false,"footnotes":""},"class_list":["post-5374","page","type-page","status-publish","has-post-thumbnail","hentry"],"yoast_head":"<!-- This site is optimized with the Yoast SEO plugin v20.7 - https:\/\/yoast.com\/wordpress\/plugins\/seo\/ -->\n<title>Caracteristici \u0219i detalii - Arkum Invest<\/title>\n<meta name=\"description\" content=\"Datorit\u0103 diversit\u0103\u021bii propriet\u0103\u021bilor noastre, putem satisface \u0219i nevoile individuale. V\u0103 ajut\u0103m s\u0103 face\u021bi alegerea corect\u0103\" \/>\n<meta name=\"robots\" content=\"index, follow, max-snippet:-1, max-image-preview:large, max-video-preview:-1\" \/>\n<link rel=\"canonical\" href=\"https:\/\/arkuminvest.ro\/ro\/cautare-proprietati\/\" \/>\n<meta property=\"og:locale\" content=\"ro_RO\" \/>\n<meta property=\"og:type\" content=\"article\" \/>\n<meta property=\"og:title\" content=\"Caracteristici \u0219i detalii - Arkum Invest\" \/>\n<meta property=\"og:description\" content=\"Datorit\u0103 diversit\u0103\u021bii propriet\u0103\u021bilor noastre, putem satisface \u0219i nevoile individuale. V\u0103 ajut\u0103m s\u0103 face\u021bi alegerea corect\u0103\" \/>\n<meta property=\"og:url\" content=\"https:\/\/arkuminvest.ro\/ro\/cautare-proprietati\/\" \/>\n<meta property=\"og:site_name\" content=\"Arkum Invest\" \/>\n<meta property=\"article:modified_time\" content=\"2023-01-27T13:28:29+00:00\" \/>\n<meta property=\"og:image\" content=\"https:\/\/arkuminvest.ro\/wp-content\/uploads\/2021\/12\/arkum-seo.png\" \/>\n\t<meta property=\"og:image:width\" content=\"846\" \/>\n\t<meta property=\"og:image:height\" content=\"441\" \/>\n\t<meta property=\"og:image:type\" content=\"image\/png\" \/>\n<meta name=\"twitter:card\" content=\"summary_large_image\" \/>\n<script type=\"application\/ld+json\" class=\"yoast-schema-graph\">{\"@context\":\"https:\/\/schema.org\",\"@graph\":[{\"@type\":\"WebPage\",\"@id\":\"https:\/\/arkuminvest.ro\/ro\/cautare-proprietati\/\",\"url\":\"https:\/\/arkuminvest.ro\/ro\/cautare-proprietati\/\",\"name\":\"Caracteristici \u0219i detalii - Arkum Invest\",\"isPartOf\":{\"@id\":\"https:\/\/arkuminvest.ro\/ro\/#website\"},\"datePublished\":\"2017-06-23T20:05:48+00:00\",\"dateModified\":\"2023-01-27T13:28:29+00:00\",\"description\":\"Datorit\u0103 diversit\u0103\u021bii propriet\u0103\u021bilor noastre, putem satisface \u0219i nevoile individuale. V\u0103 ajut\u0103m s\u0103 face\u021bi alegerea corect\u0103\",\"breadcrumb\":{\"@id\":\"https:\/\/arkuminvest.ro\/ro\/cautare-proprietati\/#breadcrumb\"},\"inLanguage\":\"ro-RO\",\"potentialAction\":[{\"@type\":\"ReadAction\",\"target\":[\"https:\/\/arkuminvest.ro\/ro\/cautare-proprietati\/\"]}]},{\"@type\":\"BreadcrumbList\",\"@id\":\"https:\/\/arkuminvest.ro\/ro\/cautare-proprietati\/#breadcrumb\",\"itemListElement\":[{\"@type\":\"ListItem\",\"position\":1,\"name\":\"Home\",\"item\":\"https:\/\/arkuminvest.ro\/ro\/\"},{\"@type\":\"ListItem\",\"position\":2,\"name\":\"Caracteristici \u0219i detalii\"}]},{\"@type\":\"WebSite\",\"@id\":\"https:\/\/arkuminvest.ro\/ro\/#website\",\"url\":\"https:\/\/arkuminvest.ro\/ro\/\",\"name\":\"Arkum Invest\",\"description\":\"Imobiliare de \u00eenchiriat \u0219i de v\u00e2nzare\",\"publisher\":{\"@id\":\"https:\/\/arkuminvest.ro\/ro\/#organization\"},\"potentialAction\":[{\"@type\":\"SearchAction\",\"target\":{\"@type\":\"EntryPoint\",\"urlTemplate\":\"https:\/\/arkuminvest.ro\/ro\/?s={search_term_string}\"},\"query-input\":\"required name=search_term_string\"}],\"inLanguage\":\"ro-RO\"},{\"@type\":\"Organization\",\"@id\":\"https:\/\/arkuminvest.ro\/ro\/#organization\",\"name\":\"Arkum Invest\",\"url\":\"https:\/\/arkuminvest.ro\/ro\/\",\"logo\":{\"@type\":\"ImageObject\",\"inLanguage\":\"ro-RO\",\"@id\":\"https:\/\/arkuminvest.ro\/ro\/#\/schema\/logo\/image\/\",\"url\":\"https:\/\/arkuminvest.ro\/wp-content\/uploads\/2020\/02\/Scaled-logo.png\",\"contentUrl\":\"https:\/\/arkuminvest.ro\/wp-content\/uploads\/2020\/02\/Scaled-logo.png\",\"width\":323,\"height\":250,\"caption\":\"Arkum Invest\"},\"image\":{\"@id\":\"https:\/\/arkuminvest.ro\/ro\/#\/schema\/logo\/image\/\"}}]}<\/script>\n<!-- \/ Yoast SEO plugin. -->","yoast_head_json":{"title":"Caracteristici \u0219i detalii - Arkum Invest","description":"Datorit\u0103 diversit\u0103\u021bii propriet\u0103\u021bilor noastre, putem satisface \u0219i nevoile individuale. V\u0103 ajut\u0103m s\u0103 face\u021bi alegerea corect\u0103","robots":{"index":"index","follow":"follow","max-snippet":"max-snippet:-1","max-image-preview":"max-image-preview:large","max-video-preview":"max-video-preview:-1"},"canonical":"https:\/\/arkuminvest.ro\/ro\/cautare-proprietati\/","og_locale":"ro_RO","og_type":"article","og_title":"Caracteristici \u0219i detalii - Arkum Invest","og_description":"Datorit\u0103 diversit\u0103\u021bii propriet\u0103\u021bilor noastre, putem satisface \u0219i nevoile individuale. V\u0103 ajut\u0103m s\u0103 face\u021bi alegerea corect\u0103","og_url":"https:\/\/arkuminvest.ro\/ro\/cautare-proprietati\/","og_site_name":"Arkum Invest","article_modified_time":"2023-01-27T13:28:29+00:00","og_image":[{"width":846,"height":441,"url":"https:\/\/arkuminvest.ro\/wp-content\/uploads\/2021\/12\/arkum-seo.png","type":"image\/png"}],"twitter_card":"summary_large_image","schema":{"@context":"https:\/\/schema.org","@graph":[{"@type":"WebPage","@id":"https:\/\/arkuminvest.ro\/ro\/cautare-proprietati\/","url":"https:\/\/arkuminvest.ro\/ro\/cautare-proprietati\/","name":"Caracteristici \u0219i detalii - Arkum Invest","isPartOf":{"@id":"https:\/\/arkuminvest.ro\/ro\/#website"},"datePublished":"2017-06-23T20:05:48+00:00","dateModified":"2023-01-27T13:28:29+00:00","description":"Datorit\u0103 diversit\u0103\u021bii propriet\u0103\u021bilor noastre, putem satisface \u0219i nevoile individuale. V\u0103 ajut\u0103m s\u0103 face\u021bi alegerea corect\u0103","breadcrumb":{"@id":"https:\/\/arkuminvest.ro\/ro\/cautare-proprietati\/#breadcrumb"},"inLanguage":"ro-RO","potentialAction":[{"@type":"ReadAction","target":["https:\/\/arkuminvest.ro\/ro\/cautare-proprietati\/"]}]},{"@type":"BreadcrumbList","@id":"https:\/\/arkuminvest.ro\/ro\/cautare-proprietati\/#breadcrumb","itemListElement":[{"@type":"ListItem","position":1,"name":"Home","item":"https:\/\/arkuminvest.ro\/ro\/"},{"@type":"ListItem","position":2,"name":"Caracteristici \u0219i detalii"}]},{"@type":"WebSite","@id":"https:\/\/arkuminvest.ro\/ro\/#website","url":"https:\/\/arkuminvest.ro\/ro\/","name":"Arkum Invest","description":"Imobiliare de \u00eenchiriat \u0219i de v\u00e2nzare","publisher":{"@id":"https:\/\/arkuminvest.ro\/ro\/#organization"},"potentialAction":[{"@type":"SearchAction","target":{"@type":"EntryPoint","urlTemplate":"https:\/\/arkuminvest.ro\/ro\/?s={search_term_string}"},"query-input":"required name=search_term_string"}],"inLanguage":"ro-RO"},{"@type":"Organization","@id":"https:\/\/arkuminvest.ro\/ro\/#organization","name":"Arkum Invest","url":"https:\/\/arkuminvest.ro\/ro\/","logo":{"@type":"ImageObject","inLanguage":"ro-RO","@id":"https:\/\/arkuminvest.ro\/ro\/#\/schema\/logo\/image\/","url":"https:\/\/arkuminvest.ro\/wp-content\/uploads\/2020\/02\/Scaled-logo.png","contentUrl":"https:\/\/arkuminvest.ro\/wp-content\/uploads\/2020\/02\/Scaled-logo.png","width":323,"height":250,"caption":"Arkum Invest"},"image":{"@id":"https:\/\/arkuminvest.ro\/ro\/#\/schema\/logo\/image\/"}}]}},"_links":{"self":[{"href":"https:\/\/arkuminvest.ro\/ro\/wp-json\/wp\/v2\/pages\/5374"}],"collection":[{"href":"https:\/\/arkuminvest.ro\/ro\/wp-json\/wp\/v2\/pages"}],"about":[{"href":"https:\/\/arkuminvest.ro\/ro\/wp-json\/wp\/v2\/types\/page"}],"author":[{"embeddable":true,"href":"https:\/\/arkuminvest.ro\/ro\/wp-json\/wp\/v2\/users\/2"}],"replies":[{"embeddable":true,"href":"https:\/\/arkuminvest.ro\/ro\/wp-json\/wp\/v2\/comments?post=5374"}],"version-history":[{"count":3,"href":"https:\/\/arkuminvest.ro\/ro\/wp-json\/wp\/v2\/pages\/5374\/revisions"}],"predecessor-version":[{"id":6360,"href":"https:\/\/arkuminvest.ro\/ro\/wp-json\/wp\/v2\/pages\/5374\/revisions\/6360"}],"wp:featuredmedia":[{"embeddable":true,"href":"https:\/\/arkuminvest.ro\/ro\/wp-json\/wp\/v2\/media\/6140"}],"wp:attachment":[{"href":"https:\/\/arkuminvest.ro\/ro\/wp-json\/wp\/v2\/media?parent=5374"}],"curies":[{"name":"wp","href":"https:\/\/api.w.org\/{rel}","templated":true}]}}