{"id":6428,"date":"2023-02-01T17:30:48","date_gmt":"2023-02-01T14:30:48","guid":{"rendered":"https:\/\/arkuminvest.ro\/informatii-despre-cookie-uri\/"},"modified":"2023-02-22T15:43:04","modified_gmt":"2023-02-22T12:43:04","slug":"informatii-despre-cookie-uri","status":"publish","type":"page","link":"https:\/\/arkuminvest.ro\/ro\/informatii-despre-cookie-uri\/","title":{"rendered":"Informa\u021bii despre cookie-uri"},"content":{"rendered":"\t\t<div data-elementor-type=\"wp-page\" data-elementor-id=\"6428\" class=\"elementor elementor-6428 elementor-6422\">\n\t\t\t\t\t\t<div class=\"elementor-inner\">\n\t\t\t\t<div class=\"elementor-section-wrap\">\n\t\t\t\t\t\t\t\t\t<section class=\"elementor-section elementor-top-section elementor-element elementor-element-70de6bf elementor-section-boxed elementor-section-height-default elementor-section-height-default\" data-id=\"70de6bf\" data-element_type=\"section\" data-settings=\"{&quot;_ha_eqh_enable&quot;:false}\">\n\t\t\t\t\t\t<div class=\"elementor-container elementor-column-gap-default\">\n\t\t\t\t\t\t\t<div class=\"elementor-row\">\n\t\t\t\t\t<div class=\"elementor-column elementor-col-100 elementor-top-column elementor-element elementor-element-62811f2\" data-id=\"62811f2\" data-element_type=\"column\">\n\t\t\t<div class=\"elementor-column-wrap elementor-element-populated\">\n\t\t\t\t\t\t\t<div class=\"elementor-widget-wrap\">\n\t\t\t\t\t\t<div class=\"elementor-element elementor-element-d14e022 elementor-widget elementor-widget-text-editor\" data-id=\"d14e022\" data-element_type=\"widget\" data-widget_type=\"text-editor.default\">\n\t\t\t\t<div class=\"elementor-widget-container\">\n\t\t\t\t\t\t\t\t<div class=\"elementor-text-editor elementor-clearfix\">\n\t\t\t\t<p><span style=\"font-weight: 400;\">Pe site-ul nostru web folosim &#8222;cookie-uri&#8221; (denumite \u00een continuare &#8222;cookie-uri&#8221;). Acestea sunt fi\u0219iere care stocheaz\u0103 informa\u021bii despre browserul dvs. web. Acest lucru necesit\u0103 consim\u021b\u0103m\u00e2ntul dumneavoastr\u0103.<\/span><\/p>\n<p>&nbsp;<\/p>\n<p><span style=\"font-weight: 400;\">Utiliz\u0103m &#8222;cookies&#8221; \u00een conformitate cu prevederile Legii C din 2003 privind comunica\u021biile electronice, ale Legii CVIII din 2001 privind anumite aspecte ale serviciilor de comer\u021b electronic \u0219i ale serviciilor societ\u0103\u021bii informa\u021bionale \u0219i ale Uniunii Europene.<\/span><\/p>\n<p>&nbsp;<\/p>\n<p><span style=\"font-weight: 400;\">Pentru site-urile web care func\u021bioneaz\u0103 \u00een \u021b\u0103rile Uniunii Europene, utilizarea de &#8222;cookie-uri&#8221; \u0219i stocarea acestora pe computerul sau pe alt dispozitiv al utilizatorului necesit\u0103 consim\u021b\u0103m\u00e2ntul utilizatorilor.<\/span><\/p>\n<h1><span style=\"font-weight: 400;\">1. Reguli generale de utilizare a &#8222;cookie-urilor&#8221;<\/span><\/h1>\n<p><span style=\"font-weight: 400;\">Aceast\u0103 politic\u0103 se aplic\u0103 &#8222;cookie-urilor&#8221; de pe site-ul arkum-invest.ro.<\/span><\/p>\n<h1><span style=\"font-weight: 400;\">2. Ce sunt &#8222;cookie-urile&#8221;?<\/span><\/h1>\n<p><span style=\"font-weight: 400;\">&#8222;Cookie-urile&#8221; sunt fi\u0219iere mici care con\u021bin litere \u0219i numere. Un &#8222;cookie&#8221; este un mijloc de schimb de informa\u021bii \u00eentre serverul web \u0219i browserul utilizatorului. Aceste fi\u0219iere de date nu pot fi executorii, nu con\u021bin spyware sau viru\u0219i \u0219i nu pot accesa spa\u021biul de pe hard disk al utilizatorilor.<\/span><\/p>\n<h1><span style=\"font-weight: 400;\">3. La ce sunt folosite &#8222;cookie-urile&#8221;?<\/span><\/h1>\n<p><span style=\"font-weight: 400;\">Informa\u021biile trimise de &#8222;cookie-uri&#8221; faciliteaz\u0103 recunoa\u0219terea de c\u0103tre browserele de internet, astfel \u00eenc\u00e2t utilizatorii s\u0103 primeasc\u0103 con\u021binut relevant \u0219i &#8222;personalizat&#8221;. Cookie-urile sunt utilizate pentru a face navigarea mai convenabil\u0103, ceea ce \u00eenseamn\u0103 c\u0103 ne referim la nevoile de confiden\u021bialitate online \u0219i la publicitatea relevant\u0103. De asemenea, &#8222;modulele cookie&#8221; permit operatorilor de site-uri web s\u0103 \u00eentocmeasc\u0103 statistici anonime cu privire la obiceiurile vizitatorilor site-urilor lor. Acestea pot fi folosite de editorii site-ului pentru a personaliza \u0219i mai mult aspectul \u0219i con\u021binutul site-ului.<\/span><\/p>\n<h1><span style=\"font-weight: 400;\">4. Ce &#8222;cookies&#8221; pute\u021bi g\u0103si?<\/span><\/h1>\n<p><span style=\"font-weight: 400;\">Site-urile web pot utiliza trei tipuri de module cookie:<\/span><\/p>\n<p><span style=\"font-weight: 400;\">&#8211; &#8222;cookie-uri&#8221; temporare, care r\u0103m\u00e2n pe dispozitivul dvs. p\u00e2n\u0103 c\u00e2nd p\u0103r\u0103si\u021bi site-ul web.<\/span><\/p>\n<p><span style=\"font-weight: 400;\">&#8211; &#8222;cookie-uri&#8221; permanente care, \u00een func\u021bie de set\u0103rile browserului dvs. web, pot r\u0103m\u00e2ne pe dispozitivul dvs. pentru o perioad\u0103 mai lung\u0103 de timp sau p\u00e2n\u0103 c\u00e2nd le \u0219terge\u021bi.<\/span><\/p>\n<p><span style=\"font-weight: 400;\">&#8211; &#8222;cookie-uri&#8221; ale ter\u021bilor care sunt plasate \u00een browserul dvs. de c\u0103tre o ter\u021b\u0103 parte (de exemplu, Google Analytics), care sunt plasate \u00een browserul dvs. atunci c\u00e2nd site-ul web pe care \u00eel vizita\u021bi utilizeaz\u0103 servicii furnizate de ter\u021ba parte.<\/span><\/p>\n<p>&nbsp;<\/p>\n<h1><span style=\"font-weight: 400;\">Essential session-id &#8222;cookies&#8221;:<\/span><\/h1>\n<p><span style=\"font-weight: 400;\">Utilizarea acestora este esen\u021bial\u0103 pentru navigarea pe site-ul web \u0219i pentru func\u021bionalitatea acestuia. F\u0103r\u0103 acceptarea acestora, este posibil ca site-ul web sau p\u0103r\u021bi ale acestuia s\u0103 nu func\u021bioneze sau s\u0103 func\u021bioneze incorect.<\/span><\/p>\n<p>&nbsp;<\/p>\n<h1><span style=\"font-weight: 400;\">&#8222;Cookie-uri&#8221; analitice sau de monitorizare a performan\u021belor:<\/span><\/h1>\n<p><span style=\"font-weight: 400;\">Acestea ne ajut\u0103 s\u0103 distingem vizitatorii site-ului web \u0219i s\u0103 colect\u0103m date despre modul \u00een care se comport\u0103 vizitatorii pe site. Aceste &#8222;cookie-uri&#8221; sunt utilizate, de exemplu, pentru a se asigura c\u0103 site-ul web \u00ee\u0219i aminte\u0219te detaliile c\u00e2nd v\u0103 conecta\u021bi. Acestea nu colecteaz\u0103 nicio informa\u021bie care s\u0103 v\u0103 identifice, datele sunt agregate \u0219i stocate \u00een mod anonim ( de exemplu, Google Analytics).<\/span><\/p>\n<p>&nbsp;<\/p>\n<h1><span style=\"font-weight: 400;\">&#8222;Cookie-uri&#8221; func\u021bionale:<\/span><\/h1>\n<p><span style=\"font-weight: 400;\">Aceste module cookie sunt concepute pentru a \u00eembun\u0103t\u0103\u021bi experien\u021ba utilizatorului. Acestea detecteaz\u0103 \u0219i stocheaz\u0103, de exemplu, dispozitivul pe care \u00eel utiliza\u021bi pentru a accesa site-ul web sau informa\u021biile pe care le-a\u021bi furnizat anterior \u0219i a\u021bi solicitat s\u0103 fie stocate, cum ar fi autentificarea automat\u0103, alegerea limbii, dimensiunea textului, fontul sau alte elemente personalizabile ale site-ului web. Aceste &#8222;cookie-uri&#8221; nu urm\u0103resc activitatea dumneavoastr\u0103 pe alte site-uri web. Cu toate acestea, informa\u021biile pe care le colecteaz\u0103 pot include informa\u021bii de identificare personal\u0103 pe care le-a\u021bi partajat.<\/span><\/p>\n<p>&nbsp;<\/p>\n<h1><span style=\"font-weight: 400;\">&#8222;Cookies&#8221; de direc\u021bionare sau de publicitate:<\/span><\/h1>\n<p><span style=\"font-weight: 400;\">Acestea permit site-urilor web s\u0103 furnizeze informa\u021bii (marketing) care sunt cele mai relevante pentru interesele dumneavoastr\u0103. Acest lucru necesit\u0103 consim\u021b\u0103m\u00e2ntul dumneavoastr\u0103 explicit. Aceste module cookie colecteaz\u0103 informa\u021bii detaliate despre obiceiurile dumneavoastr\u0103 de navigare.<\/span><\/p>\n<p>&nbsp;<\/p>\n<h1><span style=\"font-weight: 400;\">5. Con\u021bin &#8222;cookie-urile&#8221; date cu caracter personal?<\/span><\/h1>\n<p><span style=\"font-weight: 400;\">Majoritatea &#8222;cookie-urilor&#8221; nu con\u021bin informa\u021bii personale \u0219i nu permit identificarea utilizatorilor. Informa\u021biile stocate sunt necesare pentru o experien\u021b\u0103 de navigare mai convenabil\u0103 \u0219i sunt stocate \u00eentr-un mod care nu permite accesul neautorizat.<\/span><\/p>\n<h1><span style=\"font-weight: 400;\">6. De ce sunt importante &#8222;cookie-urile&#8221; pe internet?<\/span><\/h1>\n<p><span style=\"font-weight: 400;\">Rolul &#8222;cookie-urilor&#8221; este de a face navigarea mai convenabil\u0103 pentru utilizatori, deoarece prin intermediul istoricului de navigare, utilizatorii pot ajusta reclamele \u0219i con\u021binutul. Dezactivarea sau restric\u021bionarea &#8222;cookie-urilor&#8221; face ca unele site-uri web s\u0103 nu poat\u0103 fi utilizate. Cu toate acestea, dezactivarea sau limitarea &#8222;cookie-urilor&#8221; nu \u00eenseamn\u0103 c\u0103 utilizatorii nu vor vedea reclame, ci c\u0103 reclamele \u0219i con\u021binutul afi\u0219at nu sunt &#8222;personalizate&#8221;, adic\u0103 nu sunt adaptate la nevoile \u0219i interesele utilizatorului. C\u00e2teva exemple de utilizare a &#8222;cookie-urilor&#8221;:<\/span><\/p>\n<p><span style=\"font-weight: 400;\">&#8211; Afi\u0219area de con\u021binut, servicii \u0219i produse adaptate la nevoile utilizatorului.<\/span><\/p>\n<p><span style=\"font-weight: 400;\">&#8211; Oferte adaptate la interesele utilizatorului.<\/span><\/p>\n<p><span style=\"font-weight: 400;\">&#8211; Nu uita\u021bi s\u0103 v\u0103 autentifica\u021bi (r\u0103m\u00e2ne\u021bi autentificat) atunci c\u00e2nd o solicita\u021bi.<\/span><\/p>\n<p><span style=\"font-weight: 400;\">&#8211; Comentariile privind filtrele de control parental pentru con\u021binutul internetului (op\u021biuni de mod familial, func\u021bii de c\u0103utare sigur\u0103).<\/span><\/p>\n<p><span style=\"font-weight: 400;\">&#8211; Limitarea frecven\u021bei reclamelor; de exemplu, limitarea num\u0103rului de afi\u0219\u0103ri ale unei reclame pe o pagin\u0103 web care este oferit\u0103 utilizatorului.<\/span><\/p>\n<p><span style=\"font-weight: 400;\">&#8211; Afi\u0219area de reclame relevante pentru utilizator.<\/span><\/p>\n<p><span style=\"font-weight: 400;\">&#8211; Geotargeting<\/span><\/p>\n<h1><span style=\"font-weight: 400;\">7. Factori de securitate \u0219i de securitate a datelor.<\/span><\/h1>\n<p><span style=\"font-weight: 400;\">Cookie-urile&#8221; nu sunt viru\u0219i sau spyware. Deoarece sunt fi\u0219iere de text simplu, nu pot fi executate \u0219i, prin urmare, nu sunt considerate programe. Cu toate acestea, pot avea alte inten\u021bii (r\u0103u inten\u021bionate) de a ascunde informa\u021bii \u00een &#8222;cookie&#8221;, astfel \u00eenc\u00e2t s\u0103 poat\u0103 ac\u021biona ca spyware. Din acest motiv, programele antivirus pot \u0219terge permanent &#8222;cookie-urile&#8221;.<\/span><\/p>\n<p><span style=\"font-weight: 400;\">Deoarece dispozitivul de navigare pe internet \u0219i serverele web sunt \u00een comunicare constant\u0103, trimi\u021b\u00e2nd date de la unul la altul, un atacator (hacker) ar putea prelua informa\u021biile stocate \u00een cookie-uri dac\u0103 intervine \u00een acest proces. Unul dintre motive ar putea fi, de exemplu, o setare de internet (WiFi) insuficient criptat\u0103. Aceast\u0103 vulnerabilitate poate fi exploatat\u0103 pentru a extrage date din &#8222;cookie-uri&#8221;.<\/span><\/p>\n<p>&nbsp;<\/p>\n<h1><span style=\"font-weight: 400;\">8. Manipularea \u0219i \u0219tergerea &#8222;cookie-urilor&#8221;<\/span><\/h1>\n<p><span style=\"font-weight: 400;\">Cookie-urile pot fi \u0219terse sau dezactivate \u00een programele de navigare utilizate. Browserele permit cookie-urile \u00een mod implicit. Pute\u021bi dezactiva acest lucru \u00een set\u0103rile browserului \u0219i le pute\u021bi \u0219terge pe cele existente. De asemenea, pute\u021bi seta browserul s\u0103 notifice utilizatorul atunci c\u00e2nd un modul cookie este trimis pe dispozitiv. Cu toate acestea, este important s\u0103 subliniem c\u0103 dezactivarea sau restric\u021bionarea acestor fi\u0219iere va degrada experien\u021ba de navigare \u0219i poate provoca, de asemenea, erori \u00een func\u021bionalitatea site-ului web.<\/span><\/p>\n<p>&nbsp;<\/p>\n<p><span style=\"font-weight: 400;\">&#8211; Op\u021biunile de configurare se g\u0103sesc de obicei \u00een meniul &#8222;Op\u021biuni&#8221; sau &#8222;Preferin\u021be&#8221; al browserului. Fiecare browser web este diferit, a\u0219a c\u0103 v\u0103 rug\u0103m s\u0103 folosi\u021bi meniul &#8222;Ajutor&#8221; al browserului dvs. pentru a schimba set\u0103rile cookie-urilor:<\/span><\/p>\n<p><span style=\"font-weight: 400;\">&#8211; Pentru a dezactiva &#8222;cookie-urile&#8221; anonime ale Google Analytics, pute\u021bi instala \u00een browserul dvs. un a\u0219a-numit &#8222;plug-in Google Analytics&#8221;, care \u00eempiedic\u0103 site-ul web s\u0103 trimit\u0103 informa\u021bii despre dvs. c\u0103tre Google Analytics.\u00a0<\/span><\/p>\n\t\t\t\t\t<\/div>\n\t\t\t\t\t\t<\/div>\n\t\t\t\t<\/div>\n\t\t\t\t\t\t<\/div>\n\t\t\t\t\t<\/div>\n\t\t<\/div>\n\t\t\t\t\t\t\t\t<\/div>\n\t\t\t\t\t<\/div>\n\t\t<\/section>\n\t\t\t\t\t\t\t\t\t<\/div>\n\t\t\t<\/div>\n\t\t\t\t\t<\/div>\n\t\t","protected":false},"excerpt":{"rendered":"<p>Pe site-ul nostru web folosim &#8222;cookie-uri&#8221; (denumite \u00een continuare &#8222;cookie-uri&#8221;). Acestea sunt fi\u0219iere care stocheaz\u0103 informa\u021bii despre browserul dvs. web. Acest lucru necesit\u0103 consim\u021b\u0103m\u00e2ntul dumneavoastr\u0103. &nbsp; Utiliz\u0103m &#8222;cookies&#8221; \u00een conformitate cu prevederile Legii C din 2003 privind comunica\u021biile electronice, ale Legii CVIII din 2001 privind anumite aspecte ale serviciilor de comer\u021b electronic \u0219i ale serviciilor&#8230;<\/p>\n","protected":false},"author":1,"featured_media":0,"parent":0,"menu_order":0,"comment_status":"closed","ping_status":"closed","template":"","meta":{"inline_featured_image":false,"footnotes":""},"class_list":["post-6428","page","type-page","status-publish","hentry"],"yoast_head":"<!-- This site is optimized with the Yoast SEO plugin v20.7 - https:\/\/yoast.com\/wordpress\/plugins\/seo\/ -->\n<title>Informa\u021bii despre cookie-uri - Arkum Invest<\/title>\n<meta name=\"robots\" content=\"index, follow, max-snippet:-1, max-image-preview:large, max-video-preview:-1\" \/>\n<link rel=\"canonical\" href=\"https:\/\/arkuminvest.ro\/ro\/informatii-despre-cookie-uri\/\" \/>\n<meta property=\"og:locale\" content=\"ro_RO\" \/>\n<meta property=\"og:type\" content=\"article\" \/>\n<meta property=\"og:title\" content=\"Informa\u021bii despre cookie-uri - Arkum Invest\" \/>\n<meta property=\"og:description\" content=\"Pe site-ul nostru web folosim &#8222;cookie-uri&#8221; (denumite \u00een continuare &#8222;cookie-uri&#8221;). Acestea sunt fi\u0219iere care stocheaz\u0103 informa\u021bii despre browserul dvs. web. Acest lucru necesit\u0103 consim\u021b\u0103m\u00e2ntul dumneavoastr\u0103. &nbsp; Utiliz\u0103m &#8222;cookies&#8221; \u00een conformitate cu prevederile Legii C din 2003 privind comunica\u021biile electronice, ale Legii CVIII din 2001 privind anumite aspecte ale serviciilor de comer\u021b electronic \u0219i ale serviciilor...\" \/>\n<meta property=\"og:url\" content=\"https:\/\/arkuminvest.ro\/ro\/informatii-despre-cookie-uri\/\" \/>\n<meta property=\"og:site_name\" content=\"Arkum Invest\" \/>\n<meta property=\"article:modified_time\" content=\"2023-02-22T12:43:04+00:00\" \/>\n<meta name=\"twitter:card\" content=\"summary_large_image\" \/>\n<meta name=\"twitter:label1\" content=\"Timp estimat pentru citire\" \/>\n\t<meta name=\"twitter:data1\" content=\"6 minute\" \/>\n<script type=\"application\/ld+json\" class=\"yoast-schema-graph\">{\"@context\":\"https:\/\/schema.org\",\"@graph\":[{\"@type\":\"WebPage\",\"@id\":\"https:\/\/arkuminvest.ro\/ro\/informatii-despre-cookie-uri\/\",\"url\":\"https:\/\/arkuminvest.ro\/ro\/informatii-despre-cookie-uri\/\",\"name\":\"Informa\u021bii despre cookie-uri - Arkum Invest\",\"isPartOf\":{\"@id\":\"https:\/\/arkuminvest.ro\/ro\/#website\"},\"datePublished\":\"2023-02-01T14:30:48+00:00\",\"dateModified\":\"2023-02-22T12:43:04+00:00\",\"breadcrumb\":{\"@id\":\"https:\/\/arkuminvest.ro\/ro\/informatii-despre-cookie-uri\/#breadcrumb\"},\"inLanguage\":\"ro-RO\",\"potentialAction\":[{\"@type\":\"ReadAction\",\"target\":[\"https:\/\/arkuminvest.ro\/ro\/informatii-despre-cookie-uri\/\"]}]},{\"@type\":\"BreadcrumbList\",\"@id\":\"https:\/\/arkuminvest.ro\/ro\/informatii-despre-cookie-uri\/#breadcrumb\",\"itemListElement\":[{\"@type\":\"ListItem\",\"position\":1,\"name\":\"Home\",\"item\":\"https:\/\/arkuminvest.ro\/ro\/\"},{\"@type\":\"ListItem\",\"position\":2,\"name\":\"Informa\u021bii despre cookie-uri\"}]},{\"@type\":\"WebSite\",\"@id\":\"https:\/\/arkuminvest.ro\/ro\/#website\",\"url\":\"https:\/\/arkuminvest.ro\/ro\/\",\"name\":\"Arkum Invest\",\"description\":\"Imobiliare de \u00eenchiriat \u0219i de v\u00e2nzare\",\"publisher\":{\"@id\":\"https:\/\/arkuminvest.ro\/ro\/#organization\"},\"potentialAction\":[{\"@type\":\"SearchAction\",\"target\":{\"@type\":\"EntryPoint\",\"urlTemplate\":\"https:\/\/arkuminvest.ro\/ro\/?s={search_term_string}\"},\"query-input\":\"required name=search_term_string\"}],\"inLanguage\":\"ro-RO\"},{\"@type\":\"Organization\",\"@id\":\"https:\/\/arkuminvest.ro\/ro\/#organization\",\"name\":\"Arkum Invest\",\"url\":\"https:\/\/arkuminvest.ro\/ro\/\",\"logo\":{\"@type\":\"ImageObject\",\"inLanguage\":\"ro-RO\",\"@id\":\"https:\/\/arkuminvest.ro\/ro\/#\/schema\/logo\/image\/\",\"url\":\"https:\/\/arkuminvest.ro\/wp-content\/uploads\/2020\/02\/Scaled-logo.png\",\"contentUrl\":\"https:\/\/arkuminvest.ro\/wp-content\/uploads\/2020\/02\/Scaled-logo.png\",\"width\":323,\"height\":250,\"caption\":\"Arkum Invest\"},\"image\":{\"@id\":\"https:\/\/arkuminvest.ro\/ro\/#\/schema\/logo\/image\/\"}}]}<\/script>\n<!-- \/ Yoast SEO plugin. -->","yoast_head_json":{"title":"Informa\u021bii despre cookie-uri - Arkum Invest","robots":{"index":"index","follow":"follow","max-snippet":"max-snippet:-1","max-image-preview":"max-image-preview:large","max-video-preview":"max-video-preview:-1"},"canonical":"https:\/\/arkuminvest.ro\/ro\/informatii-despre-cookie-uri\/","og_locale":"ro_RO","og_type":"article","og_title":"Informa\u021bii despre cookie-uri - Arkum Invest","og_description":"Pe site-ul nostru web folosim &#8222;cookie-uri&#8221; (denumite \u00een continuare &#8222;cookie-uri&#8221;). Acestea sunt fi\u0219iere care stocheaz\u0103 informa\u021bii despre browserul dvs. web. Acest lucru necesit\u0103 consim\u021b\u0103m\u00e2ntul dumneavoastr\u0103. &nbsp; Utiliz\u0103m &#8222;cookies&#8221; \u00een conformitate cu prevederile Legii C din 2003 privind comunica\u021biile electronice, ale Legii CVIII din 2001 privind anumite aspecte ale serviciilor de comer\u021b electronic \u0219i ale serviciilor...","og_url":"https:\/\/arkuminvest.ro\/ro\/informatii-despre-cookie-uri\/","og_site_name":"Arkum Invest","article_modified_time":"2023-02-22T12:43:04+00:00","twitter_card":"summary_large_image","twitter_misc":{"Timp estimat pentru citire":"6 minute"},"schema":{"@context":"https:\/\/schema.org","@graph":[{"@type":"WebPage","@id":"https:\/\/arkuminvest.ro\/ro\/informatii-despre-cookie-uri\/","url":"https:\/\/arkuminvest.ro\/ro\/informatii-despre-cookie-uri\/","name":"Informa\u021bii despre cookie-uri - Arkum Invest","isPartOf":{"@id":"https:\/\/arkuminvest.ro\/ro\/#website"},"datePublished":"2023-02-01T14:30:48+00:00","dateModified":"2023-02-22T12:43:04+00:00","breadcrumb":{"@id":"https:\/\/arkuminvest.ro\/ro\/informatii-despre-cookie-uri\/#breadcrumb"},"inLanguage":"ro-RO","potentialAction":[{"@type":"ReadAction","target":["https:\/\/arkuminvest.ro\/ro\/informatii-despre-cookie-uri\/"]}]},{"@type":"BreadcrumbList","@id":"https:\/\/arkuminvest.ro\/ro\/informatii-despre-cookie-uri\/#breadcrumb","itemListElement":[{"@type":"ListItem","position":1,"name":"Home","item":"https:\/\/arkuminvest.ro\/ro\/"},{"@type":"ListItem","position":2,"name":"Informa\u021bii despre cookie-uri"}]},{"@type":"WebSite","@id":"https:\/\/arkuminvest.ro\/ro\/#website","url":"https:\/\/arkuminvest.ro\/ro\/","name":"Arkum Invest","description":"Imobiliare de \u00eenchiriat \u0219i de v\u00e2nzare","publisher":{"@id":"https:\/\/arkuminvest.ro\/ro\/#organization"},"potentialAction":[{"@type":"SearchAction","target":{"@type":"EntryPoint","urlTemplate":"https:\/\/arkuminvest.ro\/ro\/?s={search_term_string}"},"query-input":"required name=search_term_string"}],"inLanguage":"ro-RO"},{"@type":"Organization","@id":"https:\/\/arkuminvest.ro\/ro\/#organization","name":"Arkum Invest","url":"https:\/\/arkuminvest.ro\/ro\/","logo":{"@type":"ImageObject","inLanguage":"ro-RO","@id":"https:\/\/arkuminvest.ro\/ro\/#\/schema\/logo\/image\/","url":"https:\/\/arkuminvest.ro\/wp-content\/uploads\/2020\/02\/Scaled-logo.png","contentUrl":"https:\/\/arkuminvest.ro\/wp-content\/uploads\/2020\/02\/Scaled-logo.png","width":323,"height":250,"caption":"Arkum Invest"},"image":{"@id":"https:\/\/arkuminvest.ro\/ro\/#\/schema\/logo\/image\/"}}]}},"_links":{"self":[{"href":"https:\/\/arkuminvest.ro\/ro\/wp-json\/wp\/v2\/pages\/6428"}],"collection":[{"href":"https:\/\/arkuminvest.ro\/ro\/wp-json\/wp\/v2\/pages"}],"about":[{"href":"https:\/\/arkuminvest.ro\/ro\/wp-json\/wp\/v2\/types\/page"}],"author":[{"embeddable":true,"href":"https:\/\/arkuminvest.ro\/ro\/wp-json\/wp\/v2\/users\/1"}],"replies":[{"embeddable":true,"href":"https:\/\/arkuminvest.ro\/ro\/wp-json\/wp\/v2\/comments?post=6428"}],"version-history":[{"count":5,"href":"https:\/\/arkuminvest.ro\/ro\/wp-json\/wp\/v2\/pages\/6428\/revisions"}],"predecessor-version":[{"id":6630,"href":"https:\/\/arkuminvest.ro\/ro\/wp-json\/wp\/v2\/pages\/6428\/revisions\/6630"}],"wp:attachment":[{"href":"https:\/\/arkuminvest.ro\/ro\/wp-json\/wp\/v2\/media?parent=6428"}],"curies":[{"name":"wp","href":"https:\/\/api.w.org\/{rel}","templated":true}]}}